{"id":1531,"date":"2025-06-20T15:22:50","date_gmt":"2025-06-20T13:22:50","guid":{"rendered":"https:\/\/www.oneonone.eu\/contactos\/"},"modified":"2026-02-23T12:26:33","modified_gmt":"2026-02-23T11:26:33","slug":"contactos","status":"publish","type":"page","link":"https:\/\/www.oneonone.eu\/es\/contactos\/","title":{"rendered":"Contactos"},"content":{"rendered":"<div class=\"wpb-content-wrapper\">[vc_row][vc_column]<div class=\"empty-space-custom\" data-id=\"empty_space_custom_1\"><\/div><div class=\"testo-responsive-container\" data-id=\"responsive_text_1\"><h2 class=\"testo-responsive\">Ponte en contacto con One on One<\/h2><\/div><div class=\"empty-space-custom\" data-id=\"empty_space_custom_2\"><\/div>\u00bf<div class=\"testo-responsive-container\" data-id=\"responsive_text_2\"><p class=\"testo-responsive\">Necesitas informaci\u00f3n sobre los servicios o proyectos de bienestar? Escr\u00edbenos en la secci\u00f3n de contacto de One on One y te guiaremos hacia la soluci\u00f3n m\u00e1s adecuada para ti.<\/p><\/div>[\/vc_column][\/vc_row][vc_row][vc_column offset=\u00bbvc_col-lg-4 vc_col-md-4&#8243;]<div class=\"empty-space-custom\" data-id=\"empty_space_custom_3\"><\/div><div class=\"testo-responsive-container\" data-id=\"responsive_text_3\"><h3 class=\"testo-responsive\"><strong>Oneonone ITALIA<\/strong><\/h3><\/div><div class=\"empty-space-custom\" data-id=\"empty_space_custom_4\"><\/div><div class=\"testo-responsive-container\" data-id=\"responsive_text_4\"><p class=\"testo-responsive\">Via Durini 27, 20122 Milano, ITALY<br \/>\r\n<strong>Telefono:<\/strong><br \/>\r\n<a href=\"tel:+390276281545\">(+39) 02 76281545<\/a><br \/>\r\n<strong>Numero verde:<\/strong><br \/>\r\n<a href=\"tel:800911916\">800 911 916<\/a><br \/>\r\n<strong>E-mail:<\/strong><br \/>\r\n<a href=\"mailto:infoitaly@oneonone.eu\">infoitaly@oneonone.eu<\/a><\/p><\/div>[vc_row_inner][vc_column_inner offset=\u00bbvc_hidden-lg vc_hidden-md\u00bb]<div class=\"empty-space-custom\" data-id=\"empty_space_custom_5\"><\/div>[vc_goo_maps location=\u00bbVia Durini 27, 20122 Milano, ITALY\u00bb zoom=\u00bb18&#8243; css=\u00bb\u00bb][\/vc_column_inner][\/vc_row_inner][\/vc_column][vc_column offset=\u00bbvc_col-lg-4 vc_col-md-4&#8243;]<div class=\"empty-space-custom\" data-id=\"empty_space_custom_6\"><\/div><div class=\"testo-responsive-container\" data-id=\"responsive_text_5\"><h3 class=\"testo-responsive\"><strong>Oneonone SVIZZERA<\/strong><\/h3><\/div><div class=\"empty-space-custom\" data-id=\"empty_space_custom_7\"><\/div><div class=\"testo-responsive-container\" data-id=\"responsive_text_6\"><p class=\"testo-responsive\">8048 Z\u00fcrich \u2013 Max-H\u00f6gger Strasse 6, c\/o Dom<br \/>\r\n<strong>E-mail:<\/strong><br \/>\r\n<a href=\"mailto:infoswitzerland@oneonone.eu\">infoswitzerland@oneonone.eu<\/a><\/p><\/div>[vc_row_inner][vc_column_inner offset=\u00bbvc_hidden-lg vc_hidden-md\u00bb]<div class=\"empty-space-custom\" data-id=\"empty_space_custom_8\"><\/div>[vc_goo_maps location=\u00bb8048 Z\u00fcrich \u2013 Max-H\u00f6gger Strasse 6, c\/o Dom\u00bb zoom=\u00bb18&#8243; css=\u00bb\u00bb][\/vc_column_inner][\/vc_row_inner][\/vc_column][vc_column offset=\u00bbvc_col-lg-4 vc_col-md-4&#8243;]<div class=\"empty-space-custom\" data-id=\"empty_space_custom_9\"><\/div><div class=\"testo-responsive-container\" data-id=\"responsive_text_7\"><h3 class=\"testo-responsive\"><strong>Oneonone SPAGNA<\/strong><\/h3><\/div><div class=\"empty-space-custom\" data-id=\"empty_space_custom_10\"><\/div><div class=\"testo-responsive-container\" data-id=\"responsive_text_8\"><p class=\"testo-responsive\">28006 Madrid \u2013 Calle de Jos\u00e9 Ortega y Gasset 22-24 Planta 5<br \/>\r\n<strong>Telefono:<\/strong><br \/>\r\n<a href=\"tel:+34910472014\">(+34) 910472014<\/a><br \/>\r\nE-mail:<br \/>\r\n<a href=\"mailto:infospain@oneonone.eu\">infospain@oneonone.eu<\/a><\/p><\/div>[vc_row_inner][vc_column_inner offset=\u00bbvc_hidden-lg vc_hidden-md\u00bb]<div class=\"empty-space-custom\" data-id=\"empty_space_custom_11\"><\/div>[vc_goo_maps location=\u00bb28006 Madrid \u2013 Calle de Jos\u00e9 Ortega y Gasset 22-24 Planta 5&#8243; zoom=\u00bb18&#8243; css=\u00bb\u00bb][\/vc_column_inner][\/vc_row_inner][\/vc_column][\/vc_row][vc_row][vc_column width=\u00bb1\/3&#8243; offset=\u00bbvc_hidden-sm vc_hidden-xs\u00bb]<div class=\"empty-space-custom\" data-id=\"empty_space_custom_12\"><\/div>[vc_goo_maps location=\u00bbVia Durini 27, 20122 Milano, ITALY\u00bb zoom=\u00bb18&#8243; css=\u00bb\u00bb][\/vc_column][vc_column width=\u00bb1\/3&#8243; offset=\u00bbvc_hidden-sm vc_hidden-xs\u00bb]<div class=\"empty-space-custom\" data-id=\"empty_space_custom_13\"><\/div>[vc_goo_maps location=\u00bb8048 Z\u00fcrich \u2013 Max-H\u00f6gger Strasse 6, c\/o Dom\u00bb zoom=\u00bb18&#8243; css=\u00bb\u00bb][\/vc_column][vc_column width=\u00bb1\/3&#8243; offset=\u00bbvc_hidden-sm vc_hidden-xs\u00bb]<div class=\"empty-space-custom\" data-id=\"empty_space_custom_14\"><\/div>[vc_goo_maps location=\u00bb28006 Madrid \u2013 Calle de Jos\u00e9 Ortega y Gasset 22-24 Planta 5&#8243; zoom=\u00bb18&#8243; css=\u00bb\u00bb][\/vc_column][\/vc_row][vc_row][vc_column css=\u00bb.vc_custom_1749988936615{padding-top: 0px !important;}\u00bb]<div class=\"empty-space-custom\" data-id=\"empty_space_custom_15\"><\/div>[\/vc_column][\/vc_row][vc_row][vc_column width=\u00bb1\/3&#8243;]<div class=\"testo-responsive-container\" data-id=\"responsive_text_9\"><h2 class=\"testo-responsive\">Escr\u00edbanos para obtener informaci\u00f3n<\/h2><\/div><div class=\"empty-space-custom\" data-id=\"empty_space_custom_16\"><\/div><div class=\"testo-responsive-container\" data-id=\"responsive_text_10\"><p class=\"testo-responsive\">P\u00f3ngase en contacto con One on One para recibir informaci\u00f3n sobre servicios de gesti\u00f3n del bienestar, dise\u00f1o y gesti\u00f3n de espacios de bienestar personalizados para empresas y hoteles.<\/p><\/div>[\/vc_column][vc_column width=\u00bb2\/3&#8243; css=\u00bb.vc_custom_1749988936615{padding-top: 0px !important;}\u00bb]<div class=\"empty-space-custom\" data-id=\"empty_space_custom_17\"><\/div>\n<div class=\"wpcf7 no-js\" id=\"wpcf7-f8-o1\" lang=\"it-IT\" dir=\"ltr\" data-wpcf7-id=\"8\">\n<div class=\"screen-reader-response\"><p role=\"status\" aria-live=\"polite\" aria-atomic=\"true\"><\/p> <ul><\/ul><\/div>\n<form action=\"\/es\/wp-json\/wp\/v2\/pages\/1531#wpcf7-f8-o1\" method=\"post\" class=\"wpcf7-form init\" aria-label=\"Modulo di contatto\" novalidate=\"novalidate\" data-status=\"init\">\n<fieldset class=\"hidden-fields-container\"><input type=\"hidden\" name=\"_wpcf7\" value=\"8\" \/><input type=\"hidden\" name=\"_wpcf7_version\" value=\"6.1.5\" \/><input type=\"hidden\" name=\"_wpcf7_locale\" value=\"it_IT\" \/><input type=\"hidden\" name=\"_wpcf7_unit_tag\" value=\"wpcf7-f8-o1\" \/><input type=\"hidden\" name=\"_wpcf7_container_post\" value=\"0\" \/><input type=\"hidden\" name=\"_wpcf7_posted_data_hash\" value=\"\" \/><input type=\"hidden\" name=\"_wpcf7_recaptcha_response\" value=\"\" \/>\n<\/fieldset>\n<span class=\"wpcf7-form-control-wrap\" data-name=\"nome\"><input size=\"40\" maxlength=\"400\" class=\"wpcf7-form-control wpcf7-text wpcf7-validates-as-required\" aria-required=\"true\" aria-invalid=\"false\" placeholder=\"Nome *\" value=\"\" type=\"text\" name=\"nome\" \/><\/span>\n<span class=\"wpcf7-form-control-wrap\" data-name=\"cognome\"><input size=\"40\" maxlength=\"400\" class=\"wpcf7-form-control wpcf7-text wpcf7-validates-as-required\" aria-required=\"true\" aria-invalid=\"false\" placeholder=\"Cognome *\" value=\"\" type=\"text\" name=\"cognome\" \/><\/span>\n<span class=\"wpcf7-form-control-wrap\" data-name=\"telefono\"><input size=\"40\" maxlength=\"400\" class=\"wpcf7-form-control wpcf7-tel wpcf7-text wpcf7-validates-as-tel\" autocomplete=\"tel\" aria-invalid=\"false\" placeholder=\"Telefono\" value=\"\" type=\"tel\" name=\"telefono\" \/><\/span>\n<span class=\"wpcf7-form-control-wrap\" data-name=\"email-77\"><input size=\"40\" maxlength=\"400\" class=\"wpcf7-form-control wpcf7-email wpcf7-validates-as-required wpcf7-text wpcf7-validates-as-email\" aria-required=\"true\" aria-invalid=\"false\" placeholder=\"E-mail *\" value=\"\" type=\"email\" name=\"email-77\" \/><\/span>\n<span class=\"wpcf7-form-control-wrap\" data-name=\"oggetto\"><input size=\"40\" maxlength=\"400\" class=\"wpcf7-form-control wpcf7-text wpcf7-validates-as-required\" aria-required=\"true\" aria-invalid=\"false\" placeholder=\"Oggetto del messaggio\" value=\"\" type=\"text\" name=\"oggetto\" \/><\/span>\n<span class=\"wpcf7-form-control-wrap\" data-name=\"messaggio\"><textarea cols=\"40\" rows=\"10\" maxlength=\"2000\" class=\"wpcf7-form-control wpcf7-textarea wpcf7-validates-as-required\" aria-required=\"true\" aria-invalid=\"false\" placeholder=\"Messaggio *\" name=\"messaggio\"><\/textarea><\/span>\n<span class=\"wpcf7-form-control-wrap\" data-name=\"privacy\"><span class=\"wpcf7-form-control wpcf7-acceptance\"><span class=\"wpcf7-list-item\"><label><input type=\"checkbox\" name=\"privacy\" value=\"1\" class=\"form-check-input\" aria-invalid=\"false\" \/><span class=\"wpcf7-list-item-label\">Dichiaro di aver letto l'informativa sulla <a href=\"#\"target=\"_blank\">Privacy<\/a><\/span><\/label><\/span><\/span><\/span>\n<input class=\"wpcf7-form-control wpcf7-submit has-spinner\" type=\"submit\" value=\"Invia\" \/><div class=\"wpcf7-response-output\" aria-hidden=\"true\"><\/div>\n<\/form>\n<\/div>\n<div class=\"empty-space-custom\" data-id=\"empty_space_custom_18\"><\/div><div class=\"testo-responsive-container\" data-id=\"responsive_text_11\"><p class=\"testo-responsive\">Questo sito \u00e8 protetto da reCAPTCHA e si applicano la\u00a0<strong>Privacy Policy<\/strong>\u00a0e i\u00a0<strong>Termini di servizio\u00a0di Google<\/strong>.<\/p><\/div>[\/vc_column][\/vc_row][vc_row][vc_column css=\u00bb.vc_custom_1749988936615{padding-top: 0px !important;}\u00bb]<div class=\"empty-space-custom\" data-id=\"empty_space_custom_19\"><\/div>[\/vc_column][\/vc_row]<\/div>","protected":false},"excerpt":{"rendered":"[vc_row][vc_column]\u00bf[\/vc_column][\/vc_row][vc_row][vc_column offset=\u00bbvc_col-lg-4 vc_col-md-4&#8243;][vc_row_inner][vc_column_inner offset=\u00bbvc_hidden-lg vc_hidden-md\u00bb][vc_goo_maps location=\u00bbVia Durini 27, 20122 Milano, ITALY\u00bb zoom=\u00bb18&#8243; css=\u00bb\u00bb][\/vc_column_inner][\/vc_row_inner][\/vc_column][vc_column offset=\u00bbvc_col-lg-4 vc_col-md-4&#8243;][vc_row_inner][vc_column_inner offset=\u00bbvc_hidden-lg vc_hidden-md\u00bb][vc_goo_maps location=\u00bb8048 Z\u00fcrich \u2013 Max-H\u00f6gger Strasse 6, c\/o Dom\u00bb zoom=\u00bb18&#8243; css=\u00bb\u00bb][\/vc_column_inner][\/vc_row_inner][\/vc_column][vc_column offset=\u00bbvc_col-lg-4 vc_col-md-4&#8243;][vc_row_inner][vc_column_inner offset=\u00bbvc_hidden-lg vc_hidden-md\u00bb][vc_goo_maps location=\u00bb28006 Madrid \u2013 Calle de Jos\u00e9 Ortega y Gasset 22-24 Planta 5&#8243; zoom=\u00bb18&#8243; css=\u00bb\u00bb][\/vc_column_inner][\/vc_row_inner][\/vc_column][\/vc_row][vc_row][vc_column width=\u00bb1\/3&#8243; offset=\u00bbvc_hidden-sm vc_hidden-xs\u00bb][vc_goo_maps location=\u00bbVia Durini 27, 20122 Milano, ITALY\u00bb zoom=\u00bb18&#8243; [&hellip;]","protected":false},"author":3,"featured_media":0,"parent":0,"menu_order":0,"comment_status":"closed","ping_status":"closed","template":"","meta":{"footnotes":""},"class_list":["post-1531","page","type-page","status-publish","hentry"],"aioseo_notices":[],"_links":{"self":[{"href":"https:\/\/www.oneonone.eu\/es\/wp-json\/wp\/v2\/pages\/1531","targetHints":{"allow":["GET"]}}],"collection":[{"href":"https:\/\/www.oneonone.eu\/es\/wp-json\/wp\/v2\/pages"}],"about":[{"href":"https:\/\/www.oneonone.eu\/es\/wp-json\/wp\/v2\/types\/page"}],"author":[{"embeddable":true,"href":"https:\/\/www.oneonone.eu\/es\/wp-json\/wp\/v2\/users\/3"}],"replies":[{"embeddable":true,"href":"https:\/\/www.oneonone.eu\/es\/wp-json\/wp\/v2\/comments?post=1531"}],"version-history":[{"count":2,"href":"https:\/\/www.oneonone.eu\/es\/wp-json\/wp\/v2\/pages\/1531\/revisions"}],"predecessor-version":[{"id":1533,"href":"https:\/\/www.oneonone.eu\/es\/wp-json\/wp\/v2\/pages\/1531\/revisions\/1533"}],"wp:attachment":[{"href":"https:\/\/www.oneonone.eu\/es\/wp-json\/wp\/v2\/media?parent=1531"}],"curies":[{"name":"wp","href":"https:\/\/api.w.org\/{rel}","templated":true}]}}