{"id":1567,"date":"2025-05-30T17:27:06","date_gmt":"2025-05-30T15:27:06","guid":{"rendered":"https:\/\/www.oneonone.eu\/real-estate\/"},"modified":"2026-02-25T14:49:21","modified_gmt":"2026-02-25T13:49:21","slug":"real-estate","status":"publish","type":"page","link":"https:\/\/www.oneonone.eu\/es\/real-estate\/","title":{"rendered":"Real Estate"},"content":{"rendered":"<div class=\"wpb-content-wrapper\">[vc_row][vc_column]<div class=\"empty-space-custom\" data-id=\"empty_space_custom_1\"><\/div><div class=\"testo-responsive-container\" data-id=\"responsive_text_1\"><h2 class=\"testo-responsive\"><strong>Espacios de bienestar<\/strong> para empresas: funcionalidad, valor y compromiso<\/h2><\/div><div class=\"empty-space-custom\" data-id=\"empty_space_custom_2\"><\/div><div class=\"testo-responsive-container\" data-id=\"responsive_text_2\"><p class=\"testo-responsive\">En el sector <strong>real estate<\/strong>, integrar <strong>servicios de corporate wellness<\/strong> dentro de los espacios empresariales ya no es un plus, sino una elecci\u00f3n estrat\u00e9gica. <strong>Dise\u00f1amos y desarrollamos \u00e1reas wellness en entornos de trabajo, coworking y campus corporativos<\/strong>, favoreciendo el <strong>bienestar mental en la oficina<\/strong>, la <strong>prevenci\u00f3n de lesiones<\/strong>, la ergonom\u00eda y la sostenibilidad de los espacios.<br \/>\r\n<br \/>\r\nGracias a <strong>servicios wellness a medida<\/strong>, <strong>programas de fitness en la empresa<\/strong>, <strong>mindfulness empresarial, coaching nutricional y soluciones para el wellness digital<\/strong>, apoyamos a las empresas que quieren poner en valor sus espacios profesionales. Nuestro objetivo es crear entornos funcionales, atractivos y alineados con las nuevas necesidades de employee wellbeing y welfare empresarial.<\/p><\/div><div class=\"empty-space-custom\" data-id=\"empty_space_custom_3\"><\/div>[\/vc_column][\/vc_row][vc_row][vc_column width=\u00bb1\/2&#8243;]<div class=\"testo-responsive-container\" data-id=\"responsive_text_3\"><p class=\"testo-responsive\">Dise\u00f1amos <strong>wellness campus, \u00e1reas de relax y recorridos de salud<\/strong> que se integran perfectamente en contextos direccionales, residenciales o mixtos, mejorando la calidad del trabajo y la atractividad de los edificios. <strong>Desde el gimnasio en la empresa hasta los espacios para el yoga corporativo<\/strong>, cada entorno est\u00e1 pensado para aumentar el compromiso de los empleados, mejorar la productividad y reducir el estr\u00e9s laboral.<br \/>\r\n<br \/>\r\nOfrecemos <strong>programas wellness personalizados<\/strong>, disponibles tambi\u00e9n <strong>en modalidad wellness on demand<\/strong>, con el apoyo de <strong>apps de bienestar y sistemas de monitorizaci\u00f3n wellness<\/strong>. Nuestras soluciones generan <strong>retornos concretos<\/strong>: mejoran el ROI del wellness program, refuerzan el branding corporate wellness y aumentan la competitividad de los inmuebles en el mercado.<\/p><\/div><div class=\"empty-space-custom\" data-id=\"empty_space_custom_4\"><\/div><div class=\"empty-space-custom\" data-id=\"empty_space_custom_5\"><\/div>[\/vc_column][vc_column width=\u00bb1\/2&#8243;]<div class=\"padding-container\" data-id=\"padding-container_1\">[vc_single_image image=\u00bb1161&#8243; img_size=\u00bbfull\u00bb css=\u00bb.vc_custom_1759742356533{margin-bottom: 0px !important;}\u00bb]<\/div>[\/vc_column][\/vc_row][vc_row][vc_column]<div class=\"empty-space-custom\" data-id=\"empty_space_custom_6\"><\/div>[\/vc_column][\/vc_row][vc_row][vc_column]<div class=\"testo-responsive-container\" data-id=\"responsive_text_4\"><h3 class=\"testo-responsive\"><strong>Espacios de bienestar para empresas: <\/strong>funcionalidad, valor y compromiso<\/h3><\/div><div class=\"empty-space-custom\" data-id=\"empty_space_custom_7\"><\/div><div class=\"testo-responsive-container\" data-id=\"responsive_text_5\"><p class=\"testo-responsive\">Dise\u00f1amos <strong>wellness campus, \u00e1reas de relax y recorridos de salud<\/strong> que se integran perfectamente en contextos direccionales, residenciales o mixtos, mejorando la calidad del trabajo y la atractividad de los edificios. <strong>Desde el gimnasio en la empresa hasta los espacios para el yoga corporativo<\/strong>, cada entorno est\u00e1 pensado para aumentar el compromiso de los empleados, mejorar la productividad y reducir el estr\u00e9s laboral.<br \/>\r\n<br \/>\r\nOfrecemos <strong>programas wellness personalizados<\/strong>, disponibles tambi\u00e9n <strong>en modalidad wellness on demand<\/strong>, con el apoyo de <strong>apps de bienestar y sistemas de monitorizaci\u00f3n wellness<\/strong>. Nuestras soluciones generan <strong>retornos concretos<\/strong>: mejoran el ROI del wellness program, refuerzan el branding corporate wellness y aumentan la competitividad de los inmuebles en el mercado.<\/p><\/div>[\/vc_column][\/vc_row][vc_row][vc_column]<div class=\"empty-space-custom\" data-id=\"empty_space_custom_8\"><\/div>[\/vc_column][\/vc_row][vc_row full_width=\u00bbstretch_row\u00bb css=\u00bb.vc_custom_1762791665520{background-image: url(https:\/\/www.oneonone.eu\/wp-content\/uploads\/2025\/10\/real-estate-footer.jpg?id=1184) !important;background-position: center !important;background-repeat: no-repeat !important;background-size: cover !important;}\u00bb][vc_column]<div class=\"empty-space-custom\" data-id=\"empty_space_custom_9\"><\/div>    <div class=\"logo-barrato d-flex align-items-center justify-content-center\">\n        <div class=\"linea flex-grow-1\" aria-hidden=\"true\"><\/div>\n        <div class=\"logo px-3\">\n            <img decoding=\"async\" src=\"https:\/\/www.oneonone.eu\/wp-content\/uploads\/2025\/06\/oneonone-logo-bn.svg\" alt=\"\" class=\"img-fluid\" \/>\n        <\/div>\n        <div class=\"linea flex-grow-1\" aria-hidden=\"true\"><\/div>\n    <\/div>\n<div class=\"empty-space-custom\" data-id=\"empty_space_custom_10\"><\/div>    <div id=\"carousel_cta_3868171381\" class=\"carousel-cta container-fluid d-flex justify-content-center align-items-center flex-wrap text-center\">\n                <div class=\"carousel-item-cta col-12 col-lg-4 p-3\">\n            <div class=\"row no-gutters align-items-center\">\n                                    <div class=\"col-auto pr-3\">\n                        <img loading=\"lazy\" decoding=\"async\" width=\"79\" height=\"65\" src=\"https:\/\/www.oneonone.eu\/wp-content\/uploads\/2025\/06\/analysis.svg\" class=\"attachment-full size-full\" alt=\"\" \/>                    <\/div>\n                                <div class=\"col\">\n                    <div class=\"cta-content\">\n                                                    <h5>Services<\/h5>\n                                                                                                    <a href=\"\/real-estate\/services-real-estate\/\" target=\"\" class=\"cta-link\">\n                                <img decoding=\"async\" src=\"https:\/\/www.oneonone.eu\/wp-content\/themes\/vkdynamic\/assets\/img\/arrow-right.svg\" alt=\"\">\n                                Scopri di pi&ugrave;                            <\/a>\n                                            <\/div>\n                <\/div>\n            <\/div>\n        <\/div>\n                <div class=\"carousel-item-cta col-12 col-lg-4 p-3\">\n            <div class=\"row no-gutters align-items-center\">\n                                    <div class=\"col-auto pr-3\">\n                        <img loading=\"lazy\" decoding=\"async\" width=\"79\" height=\"65\" src=\"https:\/\/www.oneonone.eu\/wp-content\/uploads\/2025\/06\/analysis.svg\" class=\"attachment-full size-full\" alt=\"\" \/>                    <\/div>\n                                <div class=\"col\">\n                    <div class=\"cta-content\">\n                                                    <h5>References<\/h5>\n                                                                                                    <a href=\"\/reference_corporate_real_esate\/\" target=\"\" class=\"cta-link\">\n                                <img decoding=\"async\" src=\"https:\/\/www.oneonone.eu\/wp-content\/themes\/vkdynamic\/assets\/img\/arrow-right.svg\" alt=\"\">\n                                Scopri di pi&ugrave;                            <\/a>\n                                            <\/div>\n                <\/div>\n            <\/div>\n        <\/div>\n            <\/div>\n<div class=\"empty-space-custom\" data-id=\"empty_space_custom_11\"><\/div>[vc_single_image image=\u00bb212&#8243; img_size=\u00bbfull\u00bb alignment=\u00bbcenter\u00bb css=\u00bb\u00bb]<div class=\"testo-responsive-container\" data-id=\"responsive_text_6\"><h4 class=\"testo-responsive\"><strong>Costumer Care &amp; Reporting<\/strong><\/h4><\/div><div class=\"empty-space-custom\" data-id=\"empty_space_custom_12\"><\/div><div class=\"testo-responsive-container\" data-id=\"responsive_text_7\"><p class=\"testo-responsive\">One on One ha obtenido la <a href=\"https:\/\/www.oneonone.eu\/wp-content\/uploads\/2026\/02\/certificato-ita.pdf\" target=\"_blank\" rel=\"noopener\">certificaci\u00f3n ambiental ISO 14001: 2015<\/a><br \/>\r\n<br \/>\r\n<a href=\"https:\/\/www.oneonone.eu\/wp-content\/uploads\/2026\/02\/POLITICA-AMBIENTALE.pdf\" target=\"_blank\" rel=\"noopener\">Pol\u00edtica Ambiental<\/a><\/p><\/div><div class=\"empty-space-custom\" data-id=\"empty_space_custom_13\"><\/div>[\/vc_column][\/vc_row][vc_row][vc_column css=\u00bb.vc_custom_1749988936615{padding-top: 0px !important;}\u00bb]<div class=\"empty-space-custom\" data-id=\"empty_space_custom_14\"><\/div>[\/vc_column][\/vc_row]<\/div>","protected":false},"excerpt":{"rendered":"[vc_row][vc_column][\/vc_column][\/vc_row][vc_row][vc_column width=\u00bb1\/2&#8243;][\/vc_column][vc_column width=\u00bb1\/2&#8243;][\/vc_column][\/vc_row][vc_row][vc_column][\/vc_column][\/vc_row][vc_row][vc_column][\/vc_column][\/vc_row][vc_row][vc_column][\/vc_column][\/vc_row][vc_row full_width=\u00bbstretch_row\u00bb css=\u00bb.vc_custom_1762791665520{background-image: url(https:\/\/www.oneonone.eu\/wp-content\/uploads\/2025\/10\/real-estate-footer.jpg?id=1184) !important;background-position: center !important;background-repeat: no-repeat !important;background-size: cover !important;}\u00bb][vc_column][vc_single_image image=\u00bb212&#8243; img_size=\u00bbfull\u00bb alignment=\u00bbcenter\u00bb css=\u00bb\u00bb][\/vc_column][\/vc_row][vc_row][vc_column css=\u00bb.vc_custom_1749988936615{padding-top: 0px !important;}\u00bb][\/vc_column][\/vc_row]","protected":false},"author":3,"featured_media":0,"parent":0,"menu_order":0,"comment_status":"closed","ping_status":"open","template":"","meta":{"footnotes":""},"class_list":["post-1567","page","type-page","status-publish","hentry"],"aioseo_notices":[],"_links":{"self":[{"href":"https:\/\/www.oneonone.eu\/es\/wp-json\/wp\/v2\/pages\/1567","targetHints":{"allow":["GET"]}}],"collection":[{"href":"https:\/\/www.oneonone.eu\/es\/wp-json\/wp\/v2\/pages"}],"about":[{"href":"https:\/\/www.oneonone.eu\/es\/wp-json\/wp\/v2\/types\/page"}],"author":[{"embeddable":true,"href":"https:\/\/www.oneonone.eu\/es\/wp-json\/wp\/v2\/users\/3"}],"replies":[{"embeddable":true,"href":"https:\/\/www.oneonone.eu\/es\/wp-json\/wp\/v2\/comments?post=1567"}],"version-history":[{"count":3,"href":"https:\/\/www.oneonone.eu\/es\/wp-json\/wp\/v2\/pages\/1567\/revisions"}],"predecessor-version":[{"id":1570,"href":"https:\/\/www.oneonone.eu\/es\/wp-json\/wp\/v2\/pages\/1567\/revisions\/1570"}],"wp:attachment":[{"href":"https:\/\/www.oneonone.eu\/es\/wp-json\/wp\/v2\/media?parent=1567"}],"curies":[{"name":"wp","href":"https:\/\/api.w.org\/{rel}","templated":true}]}}