{"id":1571,"date":"2025-06-20T16:23:29","date_gmt":"2025-06-20T14:23:29","guid":{"rendered":"https:\/\/www.oneonone.eu\/jobs\/"},"modified":"2026-04-17T16:49:24","modified_gmt":"2026-04-17T14:49:24","slug":"jobs","status":"publish","type":"page","link":"https:\/\/www.oneonone.eu\/es\/jobs\/","title":{"rendered":"Trabajar con nostros"},"content":{"rendered":"<div class=\"wpb-content-wrapper\">[vc_row][vc_column]<div class=\"empty-space-custom\" data-id=\"empty_space_custom_1\"><\/div><div class=\"testo-responsive-container\" data-id=\"responsive_text_1\"><h2 class=\"testo-responsive\"><strong>Trabaja con One on One:<\/strong> La felicidad de las personas es lo que hace grandes a las empresas<\/h2><\/div><div class=\"empty-space-custom\" data-id=\"empty_space_custom_2\"><\/div><div class=\"testo-responsive-container\" data-id=\"responsive_text_2\"><p class=\"testo-responsive\">\u00bfBuscas <strong>oportunidades laborales en el sector Wellness en Italia y en Europa<\/strong>? Echa un vistazo a las posiciones abiertas en One on One.<br \/>\r\nEnv\u00edanos tu CV y cu\u00e9ntanos m\u00e1s sobre ti.<\/p><\/div><div class=\"empty-space-custom\" data-id=\"empty_space_custom_3\"><\/div>[\/vc_column][\/vc_row][vc_row][vc_column css=\u00bb.vc_custom_1749988936615{padding-top: 0px !important;}\u00bb]<div class=\"empty-space-custom\" data-id=\"empty_space_custom_4\"><\/div>[\/vc_column][\/vc_row][vc_row disable_element=\u00bbyes\u00bb][vc_column css=\u00bb.vc_custom_1749988936615{padding-top: 0px !important;}\u00bb]<div class=\"testo-responsive-container\" data-id=\"responsive_text_3\"><p class=\"testo-responsive\"><strong>ITALIAN TRAINING EVENTS<\/strong><\/p><\/div><div class=\"empty-space-custom\" data-id=\"empty_space_custom_5\"><\/div>    <div class=\"video-container\">\n        <div class=\"video-play-overlay\">\n            <img decoding=\"async\" src=\"https:\/\/www.oneonone.eu\/wp-content\/themes\/vkdynamic\/assets\/img\/player.svg\"\n                 alt=\"Play icon\"\n                 class=\"video-play-icon\" \/>\n            <span class=\"video-play-text\">\n                Play video                                    00:07                            <\/span>\n        <\/div>\n\n        <video controls preload=\"metadata\" src=\"https:\/\/www.oneonone.eu\/wp-content\/uploads\/2026\/01\/AdobeStock_1133164846.mov\"><\/video>\n\n                    <div class=\"video-cover\"\n                 style=\"background-image: url('https:\/\/www.oneonone.eu\/wp-content\/uploads\/2025\/05\/start-of-summer-7e03a77.jpg');\">\n            <\/div>\n            <\/div>\n    [\/vc_column][\/vc_row][vc_row][vc_column css=\u00bb.vc_custom_1749988936615{padding-top: 0px !important;}\u00bb]<div class=\"empty-space-custom\" data-id=\"empty_space_custom_6\"><\/div>[\/vc_column][\/vc_row][vc_row][vc_column css=\u00bb.vc_custom_1749988936615{padding-top: 0px !important;}\u00bb]    <div class=\"dropdown-custom\">\n              <div class=\"dropdown-item\">\n          <div class=\"dropdown-item-title\"\n               data-open-icon=\"https:\/\/www.oneonone.eu\/wp-content\/themes\/vkdynamic\/assets\/img\/open.svg\"\n               data-close-icon=\"https:\/\/www.oneonone.eu\/wp-content\/themes\/vkdynamic\/assets\/img\/close.svg\">\n\t\t\t<span class=\"dropdown-title-text\">MASAJISTA ON DEMAND<\/span>\n            <img decoding=\"async\" class=\"dropdown-icon\"\n                 src=\"https:\/\/www.oneonone.eu\/wp-content\/themes\/vkdynamic\/assets\/img\/open.svg\"\n                 alt=\"\"\n                 \/>\n          <\/div>\n          <div class=\"dropdown-item-content\" style=\"display:none;\">\n            <div class=\"dropdown-text\">Para las SPA ubicadas en Luxury Hotel de nuestros Clientes, buscamos Operadores de Bienestar\/Masajistas con experiencia previa en el puesto y conocimiento de t\u00e9cnicas de masaje hol\u00edstico, shiatsu, antiestr\u00e9s, drenante, descontracturante,\u2026<br \/>\n<br \/>\nSe requiere seriedad, disponibilidad para trabajar los fines de semana, conocimiento de ingl\u00e9s y capacidad para trabajar en equipo.<br \/>\n<br \/>\nLa presente oferta est\u00e1 dirigida a ambos sexos, conforme a las leyes 903\/77 y 125\/91, y a personas de todas las edades y nacionalidades, conforme a los decretos legislativos 215\/03 y 216\/03.<\/div>\n                          <a href=\"\/candidatura\/\"\n                 target=\"_self\"\n                                  class=\"dropdown-link custom-button\"\n              >Contattaci<\/a>\n                      <\/div>\n        <\/div>\n              <div class=\"dropdown-item\">\n          <div class=\"dropdown-item-title\"\n               data-open-icon=\"https:\/\/www.oneonone.eu\/wp-content\/themes\/vkdynamic\/assets\/img\/open.svg\"\n               data-close-icon=\"https:\/\/www.oneonone.eu\/wp-content\/themes\/vkdynamic\/assets\/img\/close.svg\">\n\t\t\t<span class=\"dropdown-title-text\">MASAJISTA ON DEMAND<\/span>\n            <img decoding=\"async\" class=\"dropdown-icon\"\n                 src=\"https:\/\/www.oneonone.eu\/wp-content\/themes\/vkdynamic\/assets\/img\/open.svg\"\n                 alt=\"\"\n                 \/>\n          <\/div>\n          <div class=\"dropdown-item-content\" style=\"display:none;\">\n            <div class=\"dropdown-text\">Para las SPA ubicadas en Luxury Hotel de nuestros Clientes, buscamos Operadores de Bienestar\/Masajistas con experiencia previa en el puesto y conocimiento de t\u00e9cnicas de masaje hol\u00edstico, shiatsu, antiestr\u00e9s, drenante, descontracturante,\u2026<br \/>\n<br \/>\nSe requiere seriedad, disponibilidad para trabajar los fines de semana, conocimiento de ingl\u00e9s y capacidad para trabajar en equipo.<br \/>\n<br \/>\nLa presente oferta est\u00e1 dirigida a ambos sexos, conforme a las leyes 903\/77 y 125\/91, y a personas de todas las edades y nacionalidades, conforme a los decretos legislativos 215\/03 y 216\/03.<\/div>\n                          <a href=\"\/candidatura\/\"\n                 target=\"_self\"\n                                  class=\"dropdown-link custom-button\"\n              >Contattaci<\/a>\n                      <\/div>\n        <\/div>\n              <div class=\"dropdown-item\">\n          <div class=\"dropdown-item-title\"\n               data-open-icon=\"https:\/\/www.oneonone.eu\/wp-content\/themes\/vkdynamic\/assets\/img\/open.svg\"\n               data-close-icon=\"https:\/\/www.oneonone.eu\/wp-content\/themes\/vkdynamic\/assets\/img\/close.svg\">\n\t\t\t<span class=\"dropdown-title-text\">MASAJISTA ON DEMAND<\/span>\n            <img decoding=\"async\" class=\"dropdown-icon\"\n                 src=\"https:\/\/www.oneonone.eu\/wp-content\/themes\/vkdynamic\/assets\/img\/open.svg\"\n                 alt=\"\"\n                 \/>\n          <\/div>\n          <div class=\"dropdown-item-content\" style=\"display:none;\">\n            <div class=\"dropdown-text\">Para las SPA ubicadas en Luxury Hotel de nuestros Clientes, buscamos Operadores de Bienestar\/Masajistas con experiencia previa en el puesto y conocimiento de t\u00e9cnicas de masaje hol\u00edstico, shiatsu, antiestr\u00e9s, drenante, descontracturante,\u2026<br \/>\n<br \/>\nSe requiere seriedad, disponibilidad para trabajar los fines de semana, conocimiento de ingl\u00e9s y capacidad para trabajar en equipo.<br \/>\n<br \/>\nLa presente oferta est\u00e1 dirigida a ambos sexos, conforme a las leyes 903\/77 y 125\/91, y a personas de todas las edades y nacionalidades, conforme a los decretos legislativos 215\/03 y 216\/03.<\/div>\n                          <a href=\"\/candidatura\/\"\n                 target=\"_self\"\n                                  class=\"dropdown-link custom-button\"\n              >Contattaci<\/a>\n                      <\/div>\n        <\/div>\n              <div class=\"dropdown-item\">\n          <div class=\"dropdown-item-title\"\n               data-open-icon=\"https:\/\/www.oneonone.eu\/wp-content\/themes\/vkdynamic\/assets\/img\/open.svg\"\n               data-close-icon=\"https:\/\/www.oneonone.eu\/wp-content\/themes\/vkdynamic\/assets\/img\/close.svg\">\n\t\t\t<span class=\"dropdown-title-text\">MASAJISTA ON DEMAND<\/span>\n            <img decoding=\"async\" class=\"dropdown-icon\"\n                 src=\"https:\/\/www.oneonone.eu\/wp-content\/themes\/vkdynamic\/assets\/img\/open.svg\"\n                 alt=\"\"\n                 \/>\n          <\/div>\n          <div class=\"dropdown-item-content\" style=\"display:none;\">\n            <div class=\"dropdown-text\">Para las SPA ubicadas en Luxury Hotel de nuestros Clientes, buscamos Operadores de Bienestar\/Masajistas con experiencia previa en el puesto y conocimiento de t\u00e9cnicas de masaje hol\u00edstico, shiatsu, antiestr\u00e9s, drenante, descontracturante,\u2026<br \/>\n<br \/>\nSe requiere seriedad, disponibilidad para trabajar los fines de semana, conocimiento de ingl\u00e9s y capacidad para trabajar en equipo.<br \/>\n<br \/>\nLa presente oferta est\u00e1 dirigida a ambos sexos, conforme a las leyes 903\/77 y 125\/91, y a personas de todas las edades y nacionalidades, conforme a los decretos legislativos 215\/03 y 216\/03.<\/div>\n                          <a href=\"\/candidatura\/\"\n                 target=\"_self\"\n                                  class=\"dropdown-link custom-button\"\n              >Contattaci<\/a>\n                      <\/div>\n        <\/div>\n          <\/div>\n    [\/vc_column][\/vc_row][vc_row][vc_column css=\u00bb.vc_custom_1749988936615{padding-top: 0px !important;}\u00bb]<div class=\"empty-space-custom\" data-id=\"empty_space_custom_7\"><\/div>[\/vc_column][\/vc_row]<\/div>","protected":false},"excerpt":{"rendered":"[vc_row][vc_column][\/vc_column][\/vc_row][vc_row][vc_column css=\u00bb.vc_custom_1749988936615{padding-top: 0px !important;}\u00bb][\/vc_column][\/vc_row][vc_row disable_element=\u00bbyes\u00bb][vc_column css=\u00bb.vc_custom_1749988936615{padding-top: 0px !important;}\u00bb][\/vc_column][\/vc_row][vc_row][vc_column css=\u00bb.vc_custom_1749988936615{padding-top: 0px !important;}\u00bb][\/vc_column][\/vc_row][vc_row][vc_column css=\u00bb.vc_custom_1749988936615{padding-top: 0px !important;}\u00bb][\/vc_column][\/vc_row][vc_row][vc_column css=\u00bb.vc_custom_1749988936615{padding-top: 0px !important;}\u00bb][\/vc_column][\/vc_row]","protected":false},"author":3,"featured_media":0,"parent":0,"menu_order":0,"comment_status":"closed","ping_status":"closed","template":"","meta":{"footnotes":""},"class_list":["post-1571","page","type-page","status-publish","hentry"],"aioseo_notices":[],"_links":{"self":[{"href":"https:\/\/www.oneonone.eu\/es\/wp-json\/wp\/v2\/pages\/1571","targetHints":{"allow":["GET"]}}],"collection":[{"href":"https:\/\/www.oneonone.eu\/es\/wp-json\/wp\/v2\/pages"}],"about":[{"href":"https:\/\/www.oneonone.eu\/es\/wp-json\/wp\/v2\/types\/page"}],"author":[{"embeddable":true,"href":"https:\/\/www.oneonone.eu\/es\/wp-json\/wp\/v2\/users\/3"}],"replies":[{"embeddable":true,"href":"https:\/\/www.oneonone.eu\/es\/wp-json\/wp\/v2\/comments?post=1571"}],"version-history":[{"count":3,"href":"https:\/\/www.oneonone.eu\/es\/wp-json\/wp\/v2\/pages\/1571\/revisions"}],"predecessor-version":[{"id":1584,"href":"https:\/\/www.oneonone.eu\/es\/wp-json\/wp\/v2\/pages\/1571\/revisions\/1584"}],"wp:attachment":[{"href":"https:\/\/www.oneonone.eu\/es\/wp-json\/wp\/v2\/media?parent=1571"}],"curies":[{"name":"wp","href":"https:\/\/api.w.org\/{rel}","templated":true}]}}