{"id":1574,"date":"2025-07-22T15:32:21","date_gmt":"2025-07-22T13:32:21","guid":{"rendered":"https:\/\/www.oneonone.eu\/real-estate\/services-real-estate\/"},"modified":"2026-04-17T16:48:54","modified_gmt":"2026-04-17T14:48:54","slug":"services-real-estate","status":"publish","type":"page","link":"https:\/\/www.oneonone.eu\/es\/real-estate\/services-real-estate\/","title":{"rendered":"Servicios"},"content":{"rendered":"<div class=\"wpb-content-wrapper\"><p>[vc_row][vc_column]<div class=\"empty-space-custom\" data-id=\"empty_space_custom_1\"><\/div>    <div class=\"dropdown-custom\">\n              <div class=\"dropdown-item\">\n          <div class=\"dropdown-item-title\"\n               data-open-icon=\"https:\/\/www.oneonone.eu\/wp-content\/themes\/vkdynamic\/assets\/img\/open.svg\"\n               data-close-icon=\"https:\/\/www.oneonone.eu\/wp-content\/themes\/vkdynamic\/assets\/img\/close.svg\">\n\t\t\t<span class=\"dropdown-title-text\">An\u00e1lisis y dise\u00f1o<\/span>\n            <img decoding=\"async\" class=\"dropdown-icon\"\n                 src=\"https:\/\/www.oneonone.eu\/wp-content\/themes\/vkdynamic\/assets\/img\/open.svg\"\n                 alt=\"\"\n                 \/>\n          <\/div>\n          <div class=\"dropdown-item-content\" style=\"display:none;\">\n            <div class=\"dropdown-text\">Antes de dise\u00f1ar un programa de Corporate Wellness eficaz, es esencial partir de un an\u00e1lisis en profundidad que permita comprender las necesidades reales del campus y de sus empleados. Nuestro enfoque se basa en una investigaci\u00f3n estructurada que tiene en cuenta cuatro pilares fundamentales:<br \/>\n<br \/>\nAn\u00e1lisis de los espacios disponibles<br \/>\n<br \/>\nAn\u00e1lisis del contexto<br \/>\n<br \/>\nAn\u00e1lisis de la poblaci\u00f3n<br \/>\n<br \/>\nAn\u00e1lisis del tipo de trabajo realizado<br \/>\n<br \/>\nSolo a trav\u00e9s de esta fase de an\u00e1lisis podemos construir un proyecto eficaz, sostenible y realmente valorado por las empresas presentes, transformando el Corporate Wellness en un activo estrat\u00e9gico para el \u00e9xito del campus.<\/div>\n                      <\/div>\n        <\/div>\n              <div class=\"dropdown-item\">\n          <div class=\"dropdown-item-title\"\n               data-open-icon=\"https:\/\/www.oneonone.eu\/wp-content\/themes\/vkdynamic\/assets\/img\/open.svg\"\n               data-close-icon=\"https:\/\/www.oneonone.eu\/wp-content\/themes\/vkdynamic\/assets\/img\/close.svg\">\n\t\t\t<span class=\"dropdown-title-text\">Planificaci\u00f3n de las intervenciones<\/span>\n            <img decoding=\"async\" class=\"dropdown-icon\"\n                 src=\"https:\/\/www.oneonone.eu\/wp-content\/themes\/vkdynamic\/assets\/img\/open.svg\"\n                 alt=\"\"\n                 \/>\n          <\/div>\n          <div class=\"dropdown-item-content\" style=\"display:none;\">\n            <div class=\"dropdown-text\">Una vez identificada el \u00e1rea destinada al Corporate Wellness, es fundamental definir un plan de intervenci\u00f3n para transformarla en un espacio funcional, seguro y acogedor. Nuestra planificaci\u00f3n se desarrolla en varias fases, con el objetivo de optimizar tiempos, costes y resultados, garantizando un entorno de bienestar que se integre perfectamente en la vida diaria del campus.<br \/>\nCon una planificaci\u00f3n detallada, transformamos un espacio del campus en un entorno de bienestar a medida, dise\u00f1ado para mejorar la calidad de vida de los empleados y aumentar el valor del welfare.<br \/>\n<br \/>\nEl corporate wellness empieza por los espacios: \u00a1hag\u00e1moslos un punto fuerte para el bienestar del campus!<\/div>\n                      <\/div>\n        <\/div>\n              <div class=\"dropdown-item\">\n          <div class=\"dropdown-item-title\"\n               data-open-icon=\"https:\/\/www.oneonone.eu\/wp-content\/themes\/vkdynamic\/assets\/img\/open.svg\"\n               data-close-icon=\"https:\/\/www.oneonone.eu\/wp-content\/themes\/vkdynamic\/assets\/img\/close.svg\">\n\t\t\t<span class=\"dropdown-title-text\">Product Defining<\/span>\n            <img decoding=\"async\" class=\"dropdown-icon\"\n                 src=\"https:\/\/www.oneonone.eu\/wp-content\/themes\/vkdynamic\/assets\/img\/open.svg\"\n                 alt=\"\"\n                 \/>\n          <\/div>\n          <div class=\"dropdown-item-content\" style=\"display:none;\">\n            <div class=\"dropdown-text\">Cada CAMPUS tiene necesidades y objetivos espec\u00edficos cuando se trata de bienestar corporativo. Nuestro enfoque se basa en la creaci\u00f3n de un plan de actividades de Corporate Wellness personalizado, capaz de integrarse perfectamente en la cultura corporativa y en los ritmos de trabajo, independientemente de la disponibilidad de espacios f\u00edsicos dedicados.<br \/>\nNuestro objetivo es ofrecer un programa exclusivo y altamente personalizado, que vaya m\u00e1s all\u00e1 de las soluciones estandarizadas, para brindar una experiencia realmente eficaz y atractiva para los empleados.<\/div>\n                      <\/div>\n        <\/div>\n              <div class=\"dropdown-item\">\n          <div class=\"dropdown-item-title\"\n               data-open-icon=\"https:\/\/www.oneonone.eu\/wp-content\/themes\/vkdynamic\/assets\/img\/open.svg\"\n               data-close-icon=\"https:\/\/www.oneonone.eu\/wp-content\/themes\/vkdynamic\/assets\/img\/close.svg\">\n\t\t\t<span class=\"dropdown-title-text\">Health &amp; Safety Executive<\/span>\n            <img decoding=\"async\" class=\"dropdown-icon\"\n                 src=\"https:\/\/www.oneonone.eu\/wp-content\/themes\/vkdynamic\/assets\/img\/open.svg\"\n                 alt=\"\"\n                 \/>\n          <\/div>\n          <div class=\"dropdown-item-content\" style=\"display:none;\">\n            <div class=\"dropdown-text\">La implementaci\u00f3n de un programa de Corporate Wellness no se limita a la planificaci\u00f3n de actividades y espacios, sino que tambi\u00e9n requiere una gesti\u00f3n cuidadosa de la normativa, las pr\u00e1cticas legales y los aspectos aseguradores. Nuestro servicio de Health &amp; Safety Executive garantiza que todos los requisitos normativos se cumplan, asegurando seguridad, conformidad y tranquilidad para el campus.<\/div>\n                      <\/div>\n        <\/div>\n              <div class=\"dropdown-item\">\n          <div class=\"dropdown-item-title\"\n               data-open-icon=\"https:\/\/www.oneonone.eu\/wp-content\/themes\/vkdynamic\/assets\/img\/open.svg\"\n               data-close-icon=\"https:\/\/www.oneonone.eu\/wp-content\/themes\/vkdynamic\/assets\/img\/close.svg\">\n\t\t\t<span class=\"dropdown-title-text\">Survey in Campus<\/span>\n            <img decoding=\"async\" class=\"dropdown-icon\"\n                 src=\"https:\/\/www.oneonone.eu\/wp-content\/themes\/vkdynamic\/assets\/img\/open.svg\"\n                 alt=\"\"\n                 \/>\n          <\/div>\n          <div class=\"dropdown-item-content\" style=\"display:none;\">\n            <div class=\"dropdown-text\">Un programa de Corporate Wellness eficaz comienza siempre por escuchar a las personas. Por este motivo, utilizamos cuestionarios online estructurados para recopilar datos sobre las necesidades, expectativas y preferencias de las empresas. Esta fase es fundamental para calibrar la oferta wellness, garantizando la m\u00e1xima participaci\u00f3n, implicaci\u00f3n y un impacto real en el bienestar del campus.<br \/>\n<br \/>\nEscuchar a los empleados es el primer paso para construir un programa de bienestar corporativo exitoso. Con nuestras encuestas, transformamos los datos en acciones concretas para mejorar la salud y la satisfacci\u00f3n en el campus.<\/div>\n                      <\/div>\n        <\/div>\n              <div class=\"dropdown-item\">\n          <div class=\"dropdown-item-title\"\n               data-open-icon=\"https:\/\/www.oneonone.eu\/wp-content\/themes\/vkdynamic\/assets\/img\/open.svg\"\n               data-close-icon=\"https:\/\/www.oneonone.eu\/wp-content\/themes\/vkdynamic\/assets\/img\/close.svg\">\n\t\t\t<span class=\"dropdown-title-text\">Digital Services Management<\/span>\n            <img decoding=\"async\" class=\"dropdown-icon\"\n                 src=\"https:\/\/www.oneonone.eu\/wp-content\/themes\/vkdynamic\/assets\/img\/open.svg\"\n                 alt=\"\"\n                 \/>\n          <\/div>\n          <div class=\"dropdown-item-content\" style=\"display:none;\">\n            <div class=\"dropdown-text\">En el mundo del Corporate Wellness, la digitalizaci\u00f3n es un elemento clave para garantizar eficiencia, accesibilidad y compromiso. Nuestro servicio de Digital Services Management permite gestionar todo el ecosistema wellness corporativo a trav\u00e9s de plataformas cloud avanzadas, asegurando un control centralizado, una gesti\u00f3n fluida de las actividades y una mejor experiencia para los empleados.<br \/>\n<\/div>\n                      <\/div>\n        <\/div>\n              <div class=\"dropdown-item\">\n          <div class=\"dropdown-item-title\"\n               data-open-icon=\"https:\/\/www.oneonone.eu\/wp-content\/themes\/vkdynamic\/assets\/img\/open.svg\"\n               data-close-icon=\"https:\/\/www.oneonone.eu\/wp-content\/themes\/vkdynamic\/assets\/img\/close.svg\">\n\t\t\t<span class=\"dropdown-title-text\">Estrategias de Comunicaci\u00f3n<\/span>\n            <img decoding=\"async\" class=\"dropdown-icon\"\n                 src=\"https:\/\/www.oneonone.eu\/wp-content\/themes\/vkdynamic\/assets\/img\/open.svg\"\n                 alt=\"\"\n                 \/>\n          <\/div>\n          <div class=\"dropdown-item-content\" style=\"display:none;\">\n            <div class=\"dropdown-text\">Un proyecto de Corporate Wellness eficaz no se limita a la creaci\u00f3n de actividades y espacios dedicados, sino que requiere una cuidadosa estrategia de marketing y comunicaci\u00f3n para garantizar el m\u00e1ximo compromiso de los empleados y una plena alineaci\u00f3n con la cultura del campus.<br \/>\nOfrecemos un servicio completo de planificaci\u00f3n, ejecuci\u00f3n y gesti\u00f3n de las actividades de marketing, que puede desarrollarse en sinergia con el equipo del campus o en total autonom\u00eda, seg\u00fan las necesidades del cliente.<br \/>\n<\/div>\n                      <\/div>\n        <\/div>\n              <div class=\"dropdown-item\">\n          <div class=\"dropdown-item-title\"\n               data-open-icon=\"https:\/\/www.oneonone.eu\/wp-content\/themes\/vkdynamic\/assets\/img\/open.svg\"\n               data-close-icon=\"https:\/\/www.oneonone.eu\/wp-content\/themes\/vkdynamic\/assets\/img\/close.svg\">\n\t\t\t<span class=\"dropdown-title-text\">Customer Care &amp; Reporting<\/span>\n            <img decoding=\"async\" class=\"dropdown-icon\"\n                 src=\"https:\/\/www.oneonone.eu\/wp-content\/themes\/vkdynamic\/assets\/img\/open.svg\"\n                 alt=\"\"\n                 \/>\n          <\/div>\n          <div class=\"dropdown-item-content\" style=\"display:none;\">\n            <div class=\"dropdown-text\">Un Corporate Wellness exitoso no se limita a la prestaci\u00f3n de actividades, sino que requiere un servicio de atenci\u00f3n al cliente dedicado para apoyar a los empleados y una report\u00edstica detallada para el seguimiento y la optimizaci\u00f3n del rendimiento.<br \/>\nNuestro servicio de Customer Care &amp; Reporting garantiza asistencia continua para todos los participantes y an\u00e1lisis peri\u00f3dicos para el departamento de RR. HH., asegurando una experiencia fluida y una gesti\u00f3n optimizada del programa wellness.<br \/>\nUn Corporate Wellness exitoso no se compone solo de actividades, sino de un sistema de soporte eficiente y de datos concretos para mejorar constantemente. Con nuestro Customer Care &amp; Reporting, el bienestar del campus est\u00e1 siempre bajo control.<br \/>\n<\/div>\n                      <\/div>\n        <\/div>\n          <\/div>\n    <div class=\"empty-space-custom\" data-id=\"empty_space_custom_2\"><\/div>[\/vc_column][\/vc_row][vc_row][vc_column]<div class=\"empty-space-custom\" data-id=\"empty_space_custom_3\"><\/div>[\/vc_column][\/vc_row][vc_row][vc_column][\/vc_column][\/vc_row]<\/p>\r\n<\/div>","protected":false},"excerpt":{"rendered":"[vc_row][vc_column][\/vc_column][\/vc_row][vc_row][vc_column][\/vc_column][\/vc_row][vc_row][vc_column][\/vc_column][\/vc_row]","protected":false},"author":5,"featured_media":0,"parent":1567,"menu_order":0,"comment_status":"closed","ping_status":"closed","template":"","meta":{"footnotes":""},"class_list":["post-1574","page","type-page","status-publish","hentry"],"aioseo_notices":[],"_links":{"self":[{"href":"https:\/\/www.oneonone.eu\/es\/wp-json\/wp\/v2\/pages\/1574","targetHints":{"allow":["GET"]}}],"collection":[{"href":"https:\/\/www.oneonone.eu\/es\/wp-json\/wp\/v2\/pages"}],"about":[{"href":"https:\/\/www.oneonone.eu\/es\/wp-json\/wp\/v2\/types\/page"}],"author":[{"embeddable":true,"href":"https:\/\/www.oneonone.eu\/es\/wp-json\/wp\/v2\/users\/5"}],"replies":[{"embeddable":true,"href":"https:\/\/www.oneonone.eu\/es\/wp-json\/wp\/v2\/comments?post=1574"}],"version-history":[{"count":2,"href":"https:\/\/www.oneonone.eu\/es\/wp-json\/wp\/v2\/pages\/1574\/revisions"}],"predecessor-version":[{"id":1582,"href":"https:\/\/www.oneonone.eu\/es\/wp-json\/wp\/v2\/pages\/1574\/revisions\/1582"}],"up":[{"embeddable":true,"href":"https:\/\/www.oneonone.eu\/es\/wp-json\/wp\/v2\/pages\/1567"}],"wp:attachment":[{"href":"https:\/\/www.oneonone.eu\/es\/wp-json\/wp\/v2\/media?parent=1574"}],"curies":[{"name":"wp","href":"https:\/\/api.w.org\/{rel}","templated":true}]}}